{"id":1043,"date":"2021-10-27T12:36:57","date_gmt":"2021-10-27T10:36:57","guid":{"rendered":"http:\/\/shabazz.fr\/?page_id=1043"},"modified":"2021-12-16T17:24:15","modified_gmt":"2021-12-16T16:24:15","slug":"breizh-session-11","status":"publish","type":"page","link":"http:\/\/shabazz.fr\/?page_id=1043","title":{"rendered":"Breizh Session 11"},"content":{"rendered":"\n<figure class=\"wp-block-image size-large\"><img loading=\"lazy\" decoding=\"async\" width=\"1024\" height=\"768\" src=\"http:\/\/shabazz.fr\/wp-content\/uploads\/2021\/10\/Breizh_Session_11_Flyer-1-1024x768.png\" alt=\"\" class=\"wp-image-1045\" srcset=\"http:\/\/shabazz.fr\/wp-content\/uploads\/2021\/10\/Breizh_Session_11_Flyer-1-1024x768.png 1024w, http:\/\/shabazz.fr\/wp-content\/uploads\/2021\/10\/Breizh_Session_11_Flyer-1-300x225.png 300w, http:\/\/shabazz.fr\/wp-content\/uploads\/2021\/10\/Breizh_Session_11_Flyer-1-768x576.png 768w, http:\/\/shabazz.fr\/wp-content\/uploads\/2021\/10\/Breizh_Session_11_Flyer-1-1536x1152.png 1536w, http:\/\/shabazz.fr\/wp-content\/uploads\/2021\/10\/Breizh_Session_11_Flyer-1-200x150.png 200w, http:\/\/shabazz.fr\/wp-content\/uploads\/2021\/10\/Breizh_Session_11_Flyer-1-150x112.png 150w, http:\/\/shabazz.fr\/wp-content\/uploads\/2021\/10\/Breizh_Session_11_Flyer-1.png 1778w\" sizes=\"auto, (max-width: 1024px) 100vw, 1024px\" \/><\/figure>\n\n\n\n<figure class=\"wp-block-image size-full\"><img loading=\"lazy\" decoding=\"async\" width=\"296\" height=\"680\" src=\"http:\/\/shabazz.fr\/wp-content\/uploads\/2021\/12\/image.png\" alt=\"\" class=\"wp-image-1058\" srcset=\"http:\/\/shabazz.fr\/wp-content\/uploads\/2021\/12\/image.png 296w, http:\/\/shabazz.fr\/wp-content\/uploads\/2021\/12\/image-131x300.png 131w, http:\/\/shabazz.fr\/wp-content\/uploads\/2021\/12\/image-65x150.png 65w\" sizes=\"auto, (max-width: 296px) 100vw, 296px\" \/><\/figure>\n\n\n\n<p>12 pr\u00e9sents sur le doodle et un VIP guest (Alex alias Heavyarms) \u00e9tait pr\u00e9sent \u00e0 cette session du 4 D\u00e9cembre.<br>Tout le monde est arriv\u00e9 le vendredi soir !<\/p>\n\n\n\n<p>Tournoi Breakers Revenge (vainqueur Keikun)<br><a href=\"https:\/\/challonge.com\/fr\/6kdeddow\">https:\/\/challonge.com\/fr\/6kdeddow<\/a><\/p>\n\n\n\n<p>Tournoi Money Idol  (Vainqueur Keikun) <br><a href=\"https:\/\/challonge.com\/fr\/9hub04ja\">https:\/\/challonge.com\/fr\/9hub04ja<\/a><\/p>\n\n\n\n<p>Tournoi Tower Fall Asencion (Vainqueur Heavy)<\/p>\n\n\n\n<p>Fil Rouge scoring Shmup (vainqueur Shabazz 3.961.500)<\/p>\n\n\n\n<p>Fil Rouge Time Attack Outrun2 (vainqueur Joe Gillian avec 4&#8243;34&#8243;960)<\/p>\n\n\n\n<p><\/p>\n\n\n\n<p>Le fil Rouge Shmup a \u00e9t\u00e9 tir\u00e9 au sort par le l\u00e9gendaire BOS.<br>Son choix a \u00e9t\u00e9 &#8220;Donpachi&#8221;.<\/p>\n\n\n\n<p><\/p>\n\n\n\n<p>Funkychild nous a install\u00e9 un Photobooth dont on a abus\u00e9 copieusement<\/p>\n\n\n\n<figure class=\"wp-block-image size-large\"><img loading=\"lazy\" decoding=\"async\" width=\"1024\" height=\"684\" src=\"http:\/\/shabazz.fr\/wp-content\/uploads\/2021\/12\/IMG_20211205_211813-1024x684.jpg\" alt=\"\" class=\"wp-image-1062\" srcset=\"http:\/\/shabazz.fr\/wp-content\/uploads\/2021\/12\/IMG_20211205_211813-1024x684.jpg 1024w, http:\/\/shabazz.fr\/wp-content\/uploads\/2021\/12\/IMG_20211205_211813-300x200.jpg 300w, http:\/\/shabazz.fr\/wp-content\/uploads\/2021\/12\/IMG_20211205_211813-768x513.jpg 768w, http:\/\/shabazz.fr\/wp-content\/uploads\/2021\/12\/IMG_20211205_211813-1536x1027.jpg 1536w, http:\/\/shabazz.fr\/wp-content\/uploads\/2021\/12\/IMG_20211205_211813-224x150.jpg 224w, http:\/\/shabazz.fr\/wp-content\/uploads\/2021\/12\/IMG_20211205_211813-150x100.jpg 150w, http:\/\/shabazz.fr\/wp-content\/uploads\/2021\/12\/IMG_20211205_211813.jpg 1616w\" sizes=\"auto, (max-width: 1024px) 100vw, 1024px\" \/><\/figure>\n\n\n\n<p>et a m\u00eame produit un Funky Juice Edition Bretagne<\/p>\n\n\n\n<figure class=\"wp-block-image size-full\"><img loading=\"lazy\" decoding=\"async\" width=\"438\" height=\"584\" src=\"http:\/\/shabazz.fr\/wp-content\/uploads\/2021\/12\/IMG_20211203_192344.jpg\" alt=\"\" class=\"wp-image-1070\" srcset=\"http:\/\/shabazz.fr\/wp-content\/uploads\/2021\/12\/IMG_20211203_192344.jpg 438w, http:\/\/shabazz.fr\/wp-content\/uploads\/2021\/12\/IMG_20211203_192344-225x300.jpg 225w, http:\/\/shabazz.fr\/wp-content\/uploads\/2021\/12\/IMG_20211203_192344-113x150.jpg 113w\" sizes=\"auto, (max-width: 438px) 100vw, 438px\" \/><\/figure>\n\n\n\n<p><\/p>\n\n\n\n<p>Hornetdeath nous a d\u00e9got\u00e9 le best WTF game de l&#8217;ann\u00e9e 2021 : <a href=\"https:\/\/www.jeuxvideo.com\/jeux\/saturn\/00008512-yakyuken-special.htm\">Yakyuken Special<\/a><br>Une p\u00e9pite du pays du soleil levant sur Saturn qui a monopolis\u00e9e l&#8217;attention pendant de nombreuses heures<br><\/p>\n\n\n\n<p><img loading=\"lazy\" decoding=\"async\" width=\"150\" height=\"132\" class=\"wp-image-1064\" style=\"width: 150px;\" src=\"http:\/\/shabazz.fr\/wp-content\/uploads\/2021\/12\/jaquette-yakyuken-special-saturn-cover-avant-g.jpg\" alt=\"\" srcset=\"http:\/\/shabazz.fr\/wp-content\/uploads\/2021\/12\/jaquette-yakyuken-special-saturn-cover-avant-g.jpg 350w, http:\/\/shabazz.fr\/wp-content\/uploads\/2021\/12\/jaquette-yakyuken-special-saturn-cover-avant-g-300x265.jpg 300w, http:\/\/shabazz.fr\/wp-content\/uploads\/2021\/12\/jaquette-yakyuken-special-saturn-cover-avant-g-170x150.jpg 170w, http:\/\/shabazz.fr\/wp-content\/uploads\/2021\/12\/jaquette-yakyuken-special-saturn-cover-avant-g-150x132.jpg 150w\" sizes=\"auto, (max-width: 150px) 100vw, 150px\" \/><br><\/p>\n\n\n\n<figure class=\"wp-block-audio\"><audio controls src=\"http:\/\/shabazz.fr\/wp-content\/uploads\/2021\/12\/yakyuken-special_zOU2BBFZ.mp3\"><\/audio><\/figure>\n\n\n\n<p><\/p>\n\n\n\n<p>Il y a eu du neo turf master&#8230; le 18 trou de 5h du mat. M\u00eame esprit que le billard de 5 du mat chez James<\/p>\n\n\n\n<p>et du Bomberman \u00e0 6<\/p>\n\n\n\n<p><\/p>\n\n\n\n<p><\/p>\n\n\n\n<p>Il y a eu du Quake 3 et du Counterstrike 1.6 en mode war !<\/p>\n\n\n\n<figure class=\"wp-block-image size-large\"><img loading=\"lazy\" decoding=\"async\" width=\"1024\" height=\"575\" src=\"http:\/\/shabazz.fr\/wp-content\/uploads\/2021\/12\/Breizh-IRL11-04-12-2021-043-DSC-RX100M3-1024x575.jpg\" alt=\"\" class=\"wp-image-1068\" srcset=\"http:\/\/shabazz.fr\/wp-content\/uploads\/2021\/12\/Breizh-IRL11-04-12-2021-043-DSC-RX100M3-1024x575.jpg 1024w, http:\/\/shabazz.fr\/wp-content\/uploads\/2021\/12\/Breizh-IRL11-04-12-2021-043-DSC-RX100M3-300x169.jpg 300w, http:\/\/shabazz.fr\/wp-content\/uploads\/2021\/12\/Breizh-IRL11-04-12-2021-043-DSC-RX100M3-768x431.jpg 768w, http:\/\/shabazz.fr\/wp-content\/uploads\/2021\/12\/Breizh-IRL11-04-12-2021-043-DSC-RX100M3-1536x863.jpg 1536w, http:\/\/shabazz.fr\/wp-content\/uploads\/2021\/12\/Breizh-IRL11-04-12-2021-043-DSC-RX100M3-2048x1150.jpg 2048w, http:\/\/shabazz.fr\/wp-content\/uploads\/2021\/12\/Breizh-IRL11-04-12-2021-043-DSC-RX100M3-250x140.jpg 250w, http:\/\/shabazz.fr\/wp-content\/uploads\/2021\/12\/Breizh-IRL11-04-12-2021-043-DSC-RX100M3-150x84.jpg 150w\" sizes=\"auto, (max-width: 1024px) 100vw, 1024px\" \/><\/figure>\n\n\n\n<p>Il y a eu des pauses repas<\/p>\n\n\n\n<figure class=\"wp-block-image size-large\"><img loading=\"lazy\" decoding=\"async\" width=\"1024\" height=\"575\" src=\"http:\/\/shabazz.fr\/wp-content\/uploads\/2021\/12\/Breizh-IRL11-04-12-2021-087-DSC-RX100M3-1024x575.jpg\" alt=\"\" class=\"wp-image-1069\" srcset=\"http:\/\/shabazz.fr\/wp-content\/uploads\/2021\/12\/Breizh-IRL11-04-12-2021-087-DSC-RX100M3-1024x575.jpg 1024w, http:\/\/shabazz.fr\/wp-content\/uploads\/2021\/12\/Breizh-IRL11-04-12-2021-087-DSC-RX100M3-300x169.jpg 300w, http:\/\/shabazz.fr\/wp-content\/uploads\/2021\/12\/Breizh-IRL11-04-12-2021-087-DSC-RX100M3-768x431.jpg 768w, http:\/\/shabazz.fr\/wp-content\/uploads\/2021\/12\/Breizh-IRL11-04-12-2021-087-DSC-RX100M3-1536x863.jpg 1536w, http:\/\/shabazz.fr\/wp-content\/uploads\/2021\/12\/Breizh-IRL11-04-12-2021-087-DSC-RX100M3-2048x1150.jpg 2048w, http:\/\/shabazz.fr\/wp-content\/uploads\/2021\/12\/Breizh-IRL11-04-12-2021-087-DSC-RX100M3-250x140.jpg 250w, http:\/\/shabazz.fr\/wp-content\/uploads\/2021\/12\/Breizh-IRL11-04-12-2021-087-DSC-RX100M3-150x84.jpg 150w\" sizes=\"auto, (max-width: 1024px) 100vw, 1024px\" \/><\/figure>\n\n\n\n<p>il y a eu des victimes du si\u00e8ge a bascule<\/p>\n\n\n\n<figure class=\"wp-block-image size-large\"><img loading=\"lazy\" decoding=\"async\" width=\"1024\" height=\"575\" src=\"http:\/\/shabazz.fr\/wp-content\/uploads\/2021\/12\/Breizh-IRL11-05-12-2021-128-DSC-RX100M3-1024x575.jpg\" alt=\"\" class=\"wp-image-1074\" srcset=\"http:\/\/shabazz.fr\/wp-content\/uploads\/2021\/12\/Breizh-IRL11-05-12-2021-128-DSC-RX100M3-1024x575.jpg 1024w, http:\/\/shabazz.fr\/wp-content\/uploads\/2021\/12\/Breizh-IRL11-05-12-2021-128-DSC-RX100M3-300x169.jpg 300w, http:\/\/shabazz.fr\/wp-content\/uploads\/2021\/12\/Breizh-IRL11-05-12-2021-128-DSC-RX100M3-768x431.jpg 768w, http:\/\/shabazz.fr\/wp-content\/uploads\/2021\/12\/Breizh-IRL11-05-12-2021-128-DSC-RX100M3-1536x863.jpg 1536w, http:\/\/shabazz.fr\/wp-content\/uploads\/2021\/12\/Breizh-IRL11-05-12-2021-128-DSC-RX100M3-2048x1150.jpg 2048w, http:\/\/shabazz.fr\/wp-content\/uploads\/2021\/12\/Breizh-IRL11-05-12-2021-128-DSC-RX100M3-250x140.jpg 250w, http:\/\/shabazz.fr\/wp-content\/uploads\/2021\/12\/Breizh-IRL11-05-12-2021-128-DSC-RX100M3-150x84.jpg 150w\" sizes=\"auto, (max-width: 1024px) 100vw, 1024px\" \/><\/figure>\n\n\n\n<figure class=\"wp-block-image size-large\"><img loading=\"lazy\" decoding=\"async\" width=\"1024\" height=\"575\" src=\"http:\/\/shabazz.fr\/wp-content\/uploads\/2021\/12\/Breizh-IRL11-04-12-2021-091-DSC-RX100M3-1024x575.jpg\" alt=\"\" class=\"wp-image-1075\" srcset=\"http:\/\/shabazz.fr\/wp-content\/uploads\/2021\/12\/Breizh-IRL11-04-12-2021-091-DSC-RX100M3-1024x575.jpg 1024w, http:\/\/shabazz.fr\/wp-content\/uploads\/2021\/12\/Breizh-IRL11-04-12-2021-091-DSC-RX100M3-300x169.jpg 300w, http:\/\/shabazz.fr\/wp-content\/uploads\/2021\/12\/Breizh-IRL11-04-12-2021-091-DSC-RX100M3-768x431.jpg 768w, http:\/\/shabazz.fr\/wp-content\/uploads\/2021\/12\/Breizh-IRL11-04-12-2021-091-DSC-RX100M3-1536x863.jpg 1536w, http:\/\/shabazz.fr\/wp-content\/uploads\/2021\/12\/Breizh-IRL11-04-12-2021-091-DSC-RX100M3-2048x1150.jpg 2048w, http:\/\/shabazz.fr\/wp-content\/uploads\/2021\/12\/Breizh-IRL11-04-12-2021-091-DSC-RX100M3-250x140.jpg 250w, http:\/\/shabazz.fr\/wp-content\/uploads\/2021\/12\/Breizh-IRL11-04-12-2021-091-DSC-RX100M3-150x84.jpg 150w\" sizes=\"auto, (max-width: 1024px) 100vw, 1024px\" \/><\/figure>\n\n\n\n<p>Il y a eu de la bagarre<\/p>\n\n\n\n<figure class=\"wp-block-image size-large\"><img loading=\"lazy\" decoding=\"async\" width=\"1024\" height=\"768\" src=\"http:\/\/shabazz.fr\/wp-content\/uploads\/2021\/12\/IMG_20211204_173506-1024x768.jpg\" alt=\"\" class=\"wp-image-1071\" srcset=\"http:\/\/shabazz.fr\/wp-content\/uploads\/2021\/12\/IMG_20211204_173506-1024x768.jpg 1024w, http:\/\/shabazz.fr\/wp-content\/uploads\/2021\/12\/IMG_20211204_173506-300x225.jpg 300w, http:\/\/shabazz.fr\/wp-content\/uploads\/2021\/12\/IMG_20211204_173506-768x576.jpg 768w, http:\/\/shabazz.fr\/wp-content\/uploads\/2021\/12\/IMG_20211204_173506-200x150.jpg 200w, http:\/\/shabazz.fr\/wp-content\/uploads\/2021\/12\/IMG_20211204_173506-150x113.jpg 150w, http:\/\/shabazz.fr\/wp-content\/uploads\/2021\/12\/IMG_20211204_173506.jpg 1152w\" sizes=\"auto, (max-width: 1024px) 100vw, 1024px\" \/><\/figure>\n\n\n\n<p>Il y a eu de la concentration<\/p>\n\n\n\n<figure class=\"wp-block-image size-large\"><img loading=\"lazy\" decoding=\"async\" width=\"1024\" height=\"575\" src=\"http:\/\/shabazz.fr\/wp-content\/uploads\/2021\/12\/Breizh-IRL11-04-12-2021-092-DSC-RX100M3-1024x575.jpg\" alt=\"\" class=\"wp-image-1072\" srcset=\"http:\/\/shabazz.fr\/wp-content\/uploads\/2021\/12\/Breizh-IRL11-04-12-2021-092-DSC-RX100M3-1024x575.jpg 1024w, http:\/\/shabazz.fr\/wp-content\/uploads\/2021\/12\/Breizh-IRL11-04-12-2021-092-DSC-RX100M3-300x169.jpg 300w, http:\/\/shabazz.fr\/wp-content\/uploads\/2021\/12\/Breizh-IRL11-04-12-2021-092-DSC-RX100M3-768x431.jpg 768w, http:\/\/shabazz.fr\/wp-content\/uploads\/2021\/12\/Breizh-IRL11-04-12-2021-092-DSC-RX100M3-1536x863.jpg 1536w, http:\/\/shabazz.fr\/wp-content\/uploads\/2021\/12\/Breizh-IRL11-04-12-2021-092-DSC-RX100M3-2048x1150.jpg 2048w, http:\/\/shabazz.fr\/wp-content\/uploads\/2021\/12\/Breizh-IRL11-04-12-2021-092-DSC-RX100M3-250x140.jpg 250w, http:\/\/shabazz.fr\/wp-content\/uploads\/2021\/12\/Breizh-IRL11-04-12-2021-092-DSC-RX100M3-150x84.jpg 150w\" sizes=\"auto, (max-width: 1024px) 100vw, 1024px\" \/><\/figure>\n\n\n\n<p>Il y a eu de la tension<\/p>\n\n\n\n<figure class=\"wp-block-image size-large\"><img loading=\"lazy\" decoding=\"async\" width=\"1024\" height=\"575\" src=\"http:\/\/shabazz.fr\/wp-content\/uploads\/2021\/12\/Breizh-IRL11-04-12-2021-110-DSC-RX100M3-1024x575.jpg\" alt=\"\" class=\"wp-image-1076\" srcset=\"http:\/\/shabazz.fr\/wp-content\/uploads\/2021\/12\/Breizh-IRL11-04-12-2021-110-DSC-RX100M3-1024x575.jpg 1024w, http:\/\/shabazz.fr\/wp-content\/uploads\/2021\/12\/Breizh-IRL11-04-12-2021-110-DSC-RX100M3-300x169.jpg 300w, http:\/\/shabazz.fr\/wp-content\/uploads\/2021\/12\/Breizh-IRL11-04-12-2021-110-DSC-RX100M3-768x431.jpg 768w, http:\/\/shabazz.fr\/wp-content\/uploads\/2021\/12\/Breizh-IRL11-04-12-2021-110-DSC-RX100M3-1536x863.jpg 1536w, http:\/\/shabazz.fr\/wp-content\/uploads\/2021\/12\/Breizh-IRL11-04-12-2021-110-DSC-RX100M3-2048x1150.jpg 2048w, http:\/\/shabazz.fr\/wp-content\/uploads\/2021\/12\/Breizh-IRL11-04-12-2021-110-DSC-RX100M3-250x140.jpg 250w, http:\/\/shabazz.fr\/wp-content\/uploads\/2021\/12\/Breizh-IRL11-04-12-2021-110-DSC-RX100M3-150x84.jpg 150w\" sizes=\"auto, (max-width: 1024px) 100vw, 1024px\" \/><\/figure>\n\n\n\n<p>Il y a eu une photo de groupe<\/p>\n\n\n\n<figure class=\"wp-block-image size-large\"><img loading=\"lazy\" decoding=\"async\" width=\"1024\" height=\"473\" src=\"http:\/\/shabazz.fr\/wp-content\/uploads\/2021\/12\/IMG_20211204_214006-1024x473.jpg\" alt=\"\" class=\"wp-image-1073\" srcset=\"http:\/\/shabazz.fr\/wp-content\/uploads\/2021\/12\/IMG_20211204_214006-1024x473.jpg 1024w, http:\/\/shabazz.fr\/wp-content\/uploads\/2021\/12\/IMG_20211204_214006-300x138.jpg 300w, http:\/\/shabazz.fr\/wp-content\/uploads\/2021\/12\/IMG_20211204_214006-768x354.jpg 768w, http:\/\/shabazz.fr\/wp-content\/uploads\/2021\/12\/IMG_20211204_214006-1536x709.jpg 1536w, http:\/\/shabazz.fr\/wp-content\/uploads\/2021\/12\/IMG_20211204_214006-2048x945.jpg 2048w, http:\/\/shabazz.fr\/wp-content\/uploads\/2021\/12\/IMG_20211204_214006-250x115.jpg 250w, http:\/\/shabazz.fr\/wp-content\/uploads\/2021\/12\/IMG_20211204_214006-150x69.jpg 150w\" sizes=\"auto, (max-width: 1024px) 100vw, 1024px\" \/><\/figure>\n\n\n\n<p>Il y a m\u00eame eu une petite vid\u00e9o&#8230;<\/p>\n\n\n\n<figure class=\"wp-block-embed is-type-video is-provider-youtube wp-block-embed-youtube wp-embed-aspect-16-9 wp-has-aspect-ratio\"><div class=\"wp-block-embed__wrapper\">\n<iframe loading=\"lazy\" title=\"Breizh Session 11  -  3-5\/12\/21\" width=\"1080\" height=\"608\" src=\"https:\/\/www.youtube.com\/embed\/HbR8vhrPQrw?feature=oembed\" frameborder=\"0\" allow=\"accelerometer; autoplay; clipboard-write; encrypted-media; gyroscope; picture-in-picture; web-share\" allowfullscreen><\/iframe>\n<\/div><\/figure>\n\n\n\n<p><\/p>\n\n\n\n<p><\/p>\n\n\n\n<p>Bref on a pass\u00e9 un excellent weekend&#8230;<\/p>\n\n\n\n<p><\/p>\n\n\n\n<p><\/p>\n","protected":false},"excerpt":{"rendered":"<p>12 pr\u00e9sents sur le doodle et un VIP guest (Alex alias Heavyarms) \u00e9tait pr\u00e9sent \u00e0 cette session du 4 D\u00e9cembre.Tout le monde est arriv\u00e9 le vendredi soir ! Tournoi Breakers Revenge (vainqueur Keikun)https:\/\/challonge.com\/fr\/6kdeddow Tournoi Money Idol (Vainqueur Keikun) https:\/\/challonge.com\/fr\/9hub04ja Tournoi Tower Fall Asencion (Vainqueur Heavy) Fil Rouge scoring Shmup (vainqueur \u2026 <a class=\"continue-reading-link\" href=\"http:\/\/shabazz.fr\/?page_id=1043\"> Continue reading <span class=\"meta-nav\">&rarr; <\/span><\/a><\/p>\n","protected":false},"author":1,"featured_media":0,"parent":17,"menu_order":0,"comment_status":"closed","ping_status":"closed","template":"","meta":{"footnotes":""},"class_list":["post-1043","page","type-page","status-publish","hentry"],"_links":{"self":[{"href":"http:\/\/shabazz.fr\/index.php?rest_route=\/wp\/v2\/pages\/1043","targetHints":{"allow":["GET"]}}],"collection":[{"href":"http:\/\/shabazz.fr\/index.php?rest_route=\/wp\/v2\/pages"}],"about":[{"href":"http:\/\/shabazz.fr\/index.php?rest_route=\/wp\/v2\/types\/page"}],"author":[{"embeddable":true,"href":"http:\/\/shabazz.fr\/index.php?rest_route=\/wp\/v2\/users\/1"}],"replies":[{"embeddable":true,"href":"http:\/\/shabazz.fr\/index.php?rest_route=%2Fwp%2Fv2%2Fcomments&post=1043"}],"version-history":[{"count":7,"href":"http:\/\/shabazz.fr\/index.php?rest_route=\/wp\/v2\/pages\/1043\/revisions"}],"predecessor-version":[{"id":1077,"href":"http:\/\/shabazz.fr\/index.php?rest_route=\/wp\/v2\/pages\/1043\/revisions\/1077"}],"up":[{"embeddable":true,"href":"http:\/\/shabazz.fr\/index.php?rest_route=\/wp\/v2\/pages\/17"}],"wp:attachment":[{"href":"http:\/\/shabazz.fr\/index.php?rest_route=%2Fwp%2Fv2%2Fmedia&parent=1043"}],"curies":[{"name":"wp","href":"https:\/\/api.w.org\/{rel}","templated":true}]}}