{"id":1327,"date":"2024-12-02T16:13:14","date_gmt":"2024-12-02T15:13:14","guid":{"rendered":"http:\/\/shabazz.fr\/?page_id=1327"},"modified":"2024-12-02T16:13:14","modified_gmt":"2024-12-02T15:13:14","slug":"breizh-session-16","status":"publish","type":"page","link":"http:\/\/shabazz.fr\/?page_id=1327","title":{"rendered":"Breizh Session 16"},"content":{"rendered":"\n<figure class=\"wp-block-image size-large\"><img loading=\"lazy\" decoding=\"async\" width=\"1024\" height=\"683\" src=\"http:\/\/shabazz.fr\/wp-content\/uploads\/2024\/12\/Breizh_Session_16_Flyer-1024x683.png\" alt=\"\" class=\"wp-image-1328\" srcset=\"http:\/\/shabazz.fr\/wp-content\/uploads\/2024\/12\/Breizh_Session_16_Flyer-1024x683.png 1024w, http:\/\/shabazz.fr\/wp-content\/uploads\/2024\/12\/Breizh_Session_16_Flyer-300x200.png 300w, http:\/\/shabazz.fr\/wp-content\/uploads\/2024\/12\/Breizh_Session_16_Flyer-768x512.png 768w, http:\/\/shabazz.fr\/wp-content\/uploads\/2024\/12\/Breizh_Session_16_Flyer-1536x1024.png 1536w, http:\/\/shabazz.fr\/wp-content\/uploads\/2024\/12\/Breizh_Session_16_Flyer-2048x1365.png 2048w, http:\/\/shabazz.fr\/wp-content\/uploads\/2024\/12\/Breizh_Session_16_Flyer-225x150.png 225w, http:\/\/shabazz.fr\/wp-content\/uploads\/2024\/12\/Breizh_Session_16_Flyer-150x100.png 150w\" sizes=\"auto, (max-width: 1024px) 100vw, 1024px\" \/><\/figure>\n\n\n\n<p>Liste des pr\u00e9sents<\/p>\n\n\n\n<p>Funkychild<br>Himura<br>Joe Gillian<br>Wonder<br>Skullface<br>Keikun<br>Bakaskal<br>Badaud<br>Pyrotek<br>Shabazz<br>LeTipiak<br>Hornet<br>Vibromaster<\/p>\n\n\n\n<p><\/p>\n\n\n\n<p><strong>Breakers Revenge<\/strong><\/p>\n\n\n\n<p><a href=\"https:\/\/challonge.com\/fr\/kztik53m\">https:\/\/challonge.com\/fr\/kztik53m<\/a><\/p>\n\n\n\n<p>Rang 1 : Keikun Rang 2 : Vibromaster Rang 3 : Joe Gillian Rang 4 : Le Tipiak Rang 5 : Shabazz<\/p>\n\n\n\n<p><strong>OutRun 2<\/strong> (GDDD)<\/p>\n\n\n\n<p>Rang : 1 &#8211; Joe Gillian &#8211; 4&#8242; 27&#8243; 957<br>Rang : 2 &#8211; Funkychild &#8211; 4&#8242; 31&#8243; 855<br>Rang : 3 &#8211; Himura95 &#8211; 4&#8242; 34&#8243; 012<\/p>\n\n\n\n<p><\/p>\n\n\n\n<p><strong>Dragon&#8217;s Fury<\/strong><\/p>\n\n\n\n<p>Rang : 1 &#8211; Pyrotek &#8211; 73 435 800 points<br>Rang : 2 &#8211; Shabazz &#8211; 64 864 400 points<br>Rang : 3 &#8211; Badaud &#8211; 58 278 200 points<\/p>\n\n\n\n<p><strong>Detana!! TwinBee<\/strong><\/p>\n\n\n\n<p>Le fil rouge a \u00e9t\u00e9 tir\u00e9 au Sort par Jujukenobi<\/p>\n\n\n\n<figure class=\"wp-block-embed is-type-video is-provider-youtube wp-block-embed-youtube wp-embed-aspect-16-9 wp-has-aspect-ratio\"><div class=\"wp-block-embed__wrapper\">\n<iframe loading=\"lazy\" title=\"Breizh Session 16 - Jujukenobi\" width=\"1080\" height=\"608\" src=\"https:\/\/www.youtube.com\/embed\/c3Rj3WwpqQg?feature=oembed\" frameborder=\"0\" allow=\"accelerometer; autoplay; clipboard-write; encrypted-media; gyroscope; picture-in-picture; web-share\" referrerpolicy=\"strict-origin-when-cross-origin\" allowfullscreen><\/iframe>\n<\/div><\/figure>\n\n\n\n<p>Rang : 1 &#8211; Keikun &#8211; 964 850 points<br>Rang : 2 &#8211; Shabazz &#8211; 621 000 points<br>Rang : 3 &#8211; Joe Gillian &#8211; 489 850 points<\/p>\n\n\n\n<p><\/p>\n\n\n\n<figure class=\"wp-block-image size-full\"><img loading=\"lazy\" decoding=\"async\" width=\"925\" height=\"623\" src=\"http:\/\/shabazz.fr\/wp-content\/uploads\/2024\/12\/image.png\" alt=\"\" class=\"wp-image-1330\" srcset=\"http:\/\/shabazz.fr\/wp-content\/uploads\/2024\/12\/image.png 925w, http:\/\/shabazz.fr\/wp-content\/uploads\/2024\/12\/image-300x202.png 300w, http:\/\/shabazz.fr\/wp-content\/uploads\/2024\/12\/image-768x517.png 768w, http:\/\/shabazz.fr\/wp-content\/uploads\/2024\/12\/image-223x150.png 223w, http:\/\/shabazz.fr\/wp-content\/uploads\/2024\/12\/image-150x101.png 150w\" sizes=\"auto, (max-width: 925px) 100vw, 925px\" \/><\/figure>\n\n\n\n<figure class=\"wp-block-image size-large\"><img loading=\"lazy\" decoding=\"async\" width=\"1024\" height=\"768\" src=\"http:\/\/shabazz.fr\/wp-content\/uploads\/2024\/12\/9c2450c09215471e87dfd1a5c46147a1-1024x768.webp\" alt=\"\" class=\"wp-image-1329\" srcset=\"http:\/\/shabazz.fr\/wp-content\/uploads\/2024\/12\/9c2450c09215471e87dfd1a5c46147a1-1024x768.webp 1024w, http:\/\/shabazz.fr\/wp-content\/uploads\/2024\/12\/9c2450c09215471e87dfd1a5c46147a1-300x225.webp 300w, http:\/\/shabazz.fr\/wp-content\/uploads\/2024\/12\/9c2450c09215471e87dfd1a5c46147a1-768x576.webp 768w, http:\/\/shabazz.fr\/wp-content\/uploads\/2024\/12\/9c2450c09215471e87dfd1a5c46147a1-1536x1152.webp 1536w, http:\/\/shabazz.fr\/wp-content\/uploads\/2024\/12\/9c2450c09215471e87dfd1a5c46147a1-2048x1536.webp 2048w, http:\/\/shabazz.fr\/wp-content\/uploads\/2024\/12\/9c2450c09215471e87dfd1a5c46147a1-200x150.webp 200w, http:\/\/shabazz.fr\/wp-content\/uploads\/2024\/12\/9c2450c09215471e87dfd1a5c46147a1-150x113.webp 150w\" sizes=\"auto, (max-width: 1024px) 100vw, 1024px\" \/><\/figure>\n","protected":false},"excerpt":{"rendered":"<p>Liste des pr\u00e9sents FunkychildHimuraJoe GillianWonderSkullfaceKeikunBakaskalBadaudPyrotekShabazzLeTipiakHornetVibromaster Breakers Revenge https:\/\/challonge.com\/fr\/kztik53m Rang 1 : Keikun Rang 2 : Vibromaster Rang 3 : Joe Gillian Rang 4 : Le Tipiak Rang 5 : Shabazz OutRun 2 (GDDD) Rang : 1 &#8211; Joe Gillian &#8211; 4&#8242; 27&#8243; 957Rang : 2 &#8211; Funkychild &#8211; 4&#8242; 31&#8243; \u2026 <a class=\"continue-reading-link\" href=\"http:\/\/shabazz.fr\/?page_id=1327\"> Continue reading <span class=\"meta-nav\">&rarr; <\/span><\/a><\/p>\n","protected":false},"author":1,"featured_media":0,"parent":0,"menu_order":0,"comment_status":"closed","ping_status":"closed","template":"","meta":{"footnotes":""},"class_list":["post-1327","page","type-page","status-publish","hentry"],"_links":{"self":[{"href":"http:\/\/shabazz.fr\/index.php?rest_route=\/wp\/v2\/pages\/1327","targetHints":{"allow":["GET"]}}],"collection":[{"href":"http:\/\/shabazz.fr\/index.php?rest_route=\/wp\/v2\/pages"}],"about":[{"href":"http:\/\/shabazz.fr\/index.php?rest_route=\/wp\/v2\/types\/page"}],"author":[{"embeddable":true,"href":"http:\/\/shabazz.fr\/index.php?rest_route=\/wp\/v2\/users\/1"}],"replies":[{"embeddable":true,"href":"http:\/\/shabazz.fr\/index.php?rest_route=%2Fwp%2Fv2%2Fcomments&post=1327"}],"version-history":[{"count":1,"href":"http:\/\/shabazz.fr\/index.php?rest_route=\/wp\/v2\/pages\/1327\/revisions"}],"predecessor-version":[{"id":1331,"href":"http:\/\/shabazz.fr\/index.php?rest_route=\/wp\/v2\/pages\/1327\/revisions\/1331"}],"wp:attachment":[{"href":"http:\/\/shabazz.fr\/index.php?rest_route=%2Fwp%2Fv2%2Fmedia&parent=1327"}],"curies":[{"name":"wp","href":"https:\/\/api.w.org\/{rel}","templated":true}]}}