{"id":1337,"date":"2025-03-17T17:17:13","date_gmt":"2025-03-17T16:17:13","guid":{"rendered":"http:\/\/shabazz.fr\/?page_id=1337"},"modified":"2025-03-17T17:24:34","modified_gmt":"2025-03-17T16:24:34","slug":"breizh-session-17","status":"publish","type":"page","link":"http:\/\/shabazz.fr\/?page_id=1337","title":{"rendered":"Breizh Session 17"},"content":{"rendered":"\n<figure class=\"wp-block-image size-large\"><img loading=\"lazy\" decoding=\"async\" width=\"1024\" height=\"683\" src=\"http:\/\/shabazz.fr\/wp-content\/uploads\/2025\/03\/Breizh_Session_17_Flyer-1024x683.png\" alt=\"\" class=\"wp-image-1338\" srcset=\"http:\/\/shabazz.fr\/wp-content\/uploads\/2025\/03\/Breizh_Session_17_Flyer-1024x683.png 1024w, http:\/\/shabazz.fr\/wp-content\/uploads\/2025\/03\/Breizh_Session_17_Flyer-300x200.png 300w, http:\/\/shabazz.fr\/wp-content\/uploads\/2025\/03\/Breizh_Session_17_Flyer-768x512.png 768w, http:\/\/shabazz.fr\/wp-content\/uploads\/2025\/03\/Breizh_Session_17_Flyer-1536x1024.png 1536w, http:\/\/shabazz.fr\/wp-content\/uploads\/2025\/03\/Breizh_Session_17_Flyer-2048x1365.png 2048w, http:\/\/shabazz.fr\/wp-content\/uploads\/2025\/03\/Breizh_Session_17_Flyer-225x150.png 225w, http:\/\/shabazz.fr\/wp-content\/uploads\/2025\/03\/Breizh_Session_17_Flyer-150x100.png 150w\" sizes=\"auto, (max-width: 1024px) 100vw, 1024px\" \/><\/figure>\n\n\n\n<p><strong>Participants<\/strong>:<\/p>\n\n\n\n<p>Hornet<br>Wonder<br>Joe Gillian<br>HeavyArms<br>Letipiak<br>Skullface<br>Vibromaster<br>Pyrotek<br>Keikun<br>Badaud<br>Himura<br>Nikolaeye<br>Hayouken<br>Tatsuche<br>Ukogans<br>Shabazz<\/p>\n\n\n\n<p><strong>Au programme<\/strong>:<\/p>\n\n\n\n<p>&#8211;<strong>Fil rouge Outrun2 <\/strong>(Tout a gauche): Joegillian winner en 4\u201934 (participation record avec 16 personnes ayant poser un score)<\/p>\n\n\n\n<p><strong>Tournoi Breakers<\/strong>: Keikun winner, Joe Gillian 2nd, Vibromaster 3rd<br><a href=\"https:\/\/challonge.com\/fr\/mvodbs8k\">https:\/\/challonge.com\/fr\/mvodbs8k<\/a><\/p>\n\n\n\n<p><strong>Tournoi Nippon marathon<\/strong>: Pyrotek winner<\/p>\n\n\n\n<p><strong>D\u00e9couverte Gamu:<\/strong> Guns of Fury sur borne hd &#8211; challenge finir le jeu dans le weekend: 82% (bcp gr\u00e2ce a tipiak qui a dos\u00e9 le jeu jusqu&#8217;\u00e0 7h du mat et a rattaqu\u00e9 a 10h30..<\/p>\n\n\n\n<p><strong>File rouge Shmup<\/strong>: Shabazz winner 137M<br>Initialement pr\u00e9vu sur Guwange et choisit par FunkyChild, un second tirage a \u00e9t\u00e9 r\u00e9alis\u00e9 car le tableau des scores est incompr\u00e9hensible pour nous europ\u00e9en. On a donc chang\u00e9 pour Mushihimesama Futari BL. (choisit \u00e9galement par Funkychild)<\/p>\n\n\n\n<figure class=\"wp-block-embed is-type-video is-provider-youtube wp-block-embed-youtube wp-embed-aspect-16-9 wp-has-aspect-ratio\"><div class=\"wp-block-embed__wrapper\">\n<iframe loading=\"lazy\" title=\"BS17 - Funkychild - Guwange\" width=\"1080\" height=\"608\" src=\"https:\/\/www.youtube.com\/embed\/e_X8vGfrEVU?list=PL9fj6VyyEFbRkYr8NRE3V8JyU7n9Mrh-k\" frameborder=\"0\" allow=\"accelerometer; autoplay; clipboard-write; encrypted-media; gyroscope; picture-in-picture; web-share\" referrerpolicy=\"strict-origin-when-cross-origin\" allowfullscreen><\/iframe>\n<\/div><\/figure>\n\n\n\n<p><\/p>\n\n\n\n<p><strong>NeoTurfMaster:<\/strong> Le neoturf de 4h du matin a enfin vu les cr\u00e9dits du jeu avec une magnifique performance \u00e0 -10 en dessous du par <br>Equipe compos\u00e9e de Vibro\/Keikun\/Shabazz\/Heavy\/Tatsuche\/Hayouken<\/p>\n\n\n\n<p><strong>Bomberman<\/strong>: 5h30 du matin, c&#8217;est l&#8217;heure d&#8217;un Bomberman \u00e0 10 joueurs &#8211; Shabazz Winner<\/p>\n\n\n\n<p><strong>CS1.6<\/strong>: Matchs en 5v5 &#8211; Deux map \/ INFERNO et DUST 2 avec la participation exceptionnel de Joe Gillian<\/p>\n\n\n\n<p><strong>Fil Rouge Repair<\/strong>: Gr\u00e2ce a HFS Play et HeavyArms, nous avons accueillit un Mega Touch XL qui n\u00e9cessitait quelques r\u00e9parations. Gr\u00e2ce a nos techos, il a reprit vie apr\u00e8s pas mal de temps pass\u00e9 dessus<\/p>\n\n\n\n<figure class=\"wp-block-image size-full\"><img loading=\"lazy\" decoding=\"async\" width=\"951\" height=\"669\" src=\"http:\/\/shabazz.fr\/wp-content\/uploads\/2025\/03\/MegatouchXL.png\" alt=\"\" class=\"wp-image-1339\" srcset=\"http:\/\/shabazz.fr\/wp-content\/uploads\/2025\/03\/MegatouchXL.png 951w, http:\/\/shabazz.fr\/wp-content\/uploads\/2025\/03\/MegatouchXL-300x211.png 300w, http:\/\/shabazz.fr\/wp-content\/uploads\/2025\/03\/MegatouchXL-768x540.png 768w, http:\/\/shabazz.fr\/wp-content\/uploads\/2025\/03\/MegatouchXL-213x150.png 213w, http:\/\/shabazz.fr\/wp-content\/uploads\/2025\/03\/MegatouchXL-150x106.png 150w\" sizes=\"auto, (max-width: 951px) 100vw, 951px\" \/><\/figure>\n\n\n\n<figure class=\"wp-block-image size-large\"><img loading=\"lazy\" decoding=\"async\" width=\"1024\" height=\"768\" src=\"http:\/\/shabazz.fr\/wp-content\/uploads\/2025\/03\/9ca20d1d7d5843c9a9c4ce31f7138476-1024x768.webp\" alt=\"\" class=\"wp-image-1340\" srcset=\"http:\/\/shabazz.fr\/wp-content\/uploads\/2025\/03\/9ca20d1d7d5843c9a9c4ce31f7138476-1024x768.webp 1024w, http:\/\/shabazz.fr\/wp-content\/uploads\/2025\/03\/9ca20d1d7d5843c9a9c4ce31f7138476-300x225.webp 300w, http:\/\/shabazz.fr\/wp-content\/uploads\/2025\/03\/9ca20d1d7d5843c9a9c4ce31f7138476-768x576.webp 768w, http:\/\/shabazz.fr\/wp-content\/uploads\/2025\/03\/9ca20d1d7d5843c9a9c4ce31f7138476-1536x1152.webp 1536w, http:\/\/shabazz.fr\/wp-content\/uploads\/2025\/03\/9ca20d1d7d5843c9a9c4ce31f7138476-2048x1536.webp 2048w, http:\/\/shabazz.fr\/wp-content\/uploads\/2025\/03\/9ca20d1d7d5843c9a9c4ce31f7138476-200x150.webp 200w, http:\/\/shabazz.fr\/wp-content\/uploads\/2025\/03\/9ca20d1d7d5843c9a9c4ce31f7138476-150x113.webp 150w\" sizes=\"auto, (max-width: 1024px) 100vw, 1024px\" \/><\/figure>\n\n\n\n<figure class=\"wp-block-image size-large\"><img loading=\"lazy\" decoding=\"async\" width=\"1024\" height=\"768\" src=\"http:\/\/shabazz.fr\/wp-content\/uploads\/2025\/03\/836699fc0f434ff4aebfdef9689d1c93-1024x768.webp\" alt=\"\" class=\"wp-image-1341\" srcset=\"http:\/\/shabazz.fr\/wp-content\/uploads\/2025\/03\/836699fc0f434ff4aebfdef9689d1c93-1024x768.webp 1024w, http:\/\/shabazz.fr\/wp-content\/uploads\/2025\/03\/836699fc0f434ff4aebfdef9689d1c93-300x225.webp 300w, http:\/\/shabazz.fr\/wp-content\/uploads\/2025\/03\/836699fc0f434ff4aebfdef9689d1c93-768x576.webp 768w, http:\/\/shabazz.fr\/wp-content\/uploads\/2025\/03\/836699fc0f434ff4aebfdef9689d1c93-1536x1152.webp 1536w, http:\/\/shabazz.fr\/wp-content\/uploads\/2025\/03\/836699fc0f434ff4aebfdef9689d1c93-2048x1536.webp 2048w, http:\/\/shabazz.fr\/wp-content\/uploads\/2025\/03\/836699fc0f434ff4aebfdef9689d1c93-200x150.webp 200w, http:\/\/shabazz.fr\/wp-content\/uploads\/2025\/03\/836699fc0f434ff4aebfdef9689d1c93-150x113.webp 150w\" sizes=\"auto, (max-width: 1024px) 100vw, 1024px\" \/><\/figure>\n","protected":false},"excerpt":{"rendered":"<p>Participants: HornetWonderJoe GillianHeavyArmsLetipiakSkullfaceVibromasterPyrotekKeikunBadaudHimuraNikolaeyeHayoukenTatsucheUkogansShabazz Au programme: &#8211;Fil rouge Outrun2 (Tout a gauche): Joegillian winner en 4\u201934 (participation record avec 16 personnes ayant poser un score) Tournoi Breakers: Keikun winner, Joe Gillian 2nd, Vibromaster 3rdhttps:\/\/challonge.com\/fr\/mvodbs8k Tournoi Nippon marathon: Pyrotek winner D\u00e9couverte Gamu: Guns of Fury sur borne hd &#8211; challenge finir le \u2026 <a class=\"continue-reading-link\" href=\"http:\/\/shabazz.fr\/?page_id=1337\"> Continue reading <span class=\"meta-nav\">&rarr; <\/span><\/a><\/p>\n","protected":false},"author":1,"featured_media":0,"parent":0,"menu_order":0,"comment_status":"closed","ping_status":"closed","template":"","meta":{"footnotes":""},"class_list":["post-1337","page","type-page","status-publish","hentry"],"_links":{"self":[{"href":"http:\/\/shabazz.fr\/index.php?rest_route=\/wp\/v2\/pages\/1337","targetHints":{"allow":["GET"]}}],"collection":[{"href":"http:\/\/shabazz.fr\/index.php?rest_route=\/wp\/v2\/pages"}],"about":[{"href":"http:\/\/shabazz.fr\/index.php?rest_route=\/wp\/v2\/types\/page"}],"author":[{"embeddable":true,"href":"http:\/\/shabazz.fr\/index.php?rest_route=\/wp\/v2\/users\/1"}],"replies":[{"embeddable":true,"href":"http:\/\/shabazz.fr\/index.php?rest_route=%2Fwp%2Fv2%2Fcomments&post=1337"}],"version-history":[{"count":3,"href":"http:\/\/shabazz.fr\/index.php?rest_route=\/wp\/v2\/pages\/1337\/revisions"}],"predecessor-version":[{"id":1347,"href":"http:\/\/shabazz.fr\/index.php?rest_route=\/wp\/v2\/pages\/1337\/revisions\/1347"}],"wp:attachment":[{"href":"http:\/\/shabazz.fr\/index.php?rest_route=%2Fwp%2Fv2%2Fmedia&parent=1337"}],"curies":[{"name":"wp","href":"https:\/\/api.w.org\/{rel}","templated":true}]}}