{"id":1398,"date":"2025-07-30T16:16:37","date_gmt":"2025-07-30T14:16:37","guid":{"rendered":"http:\/\/shabazz.fr\/?page_id=1398"},"modified":"2025-07-30T16:38:37","modified_gmt":"2025-07-30T14:38:37","slug":"mise-en-place-de-binds-pour-les-achats","status":"publish","type":"page","link":"http:\/\/shabazz.fr\/?page_id=1398","title":{"rendered":"Mise en place de binds pour les achats"},"content":{"rendered":"\n<p><strong>Binds<\/strong><br><br>Les binds qu&#8217;est ce que c&#8217;est ?<br>C&#8217;est un fichier de cfg qui permet de scripter l&#8217;achat d&#8217;arme. Ainsi on peut faire ses courses tr\u00e8s rapidement en appuyant sur un seul bouton.<br><br><strong>Mise en place de binds pour les achats<\/strong><br><br>Voici un fichier \u00e0 coller \u00e0 la racine de de \/cstrike<br><a href=\"https:\/\/mega.nz\/file\/wp9HQSha#My58F0eqyqDN8J05Xy9884FJ75uEI6o2GtDE9qhxQSQ\" target=\"_blank\" rel=\"noreferrer noopener\">https:\/\/mega.nz\/file\/wp9HQSha#My58F0eqy &#8230; tDE9qhxQSQ<\/a><\/p>\n\n\n\n<div class=\"hcb_wrap\"><pre class=\"prism line-numbers lang-plain\"><code>bind &quot;kp_enter&quot; &quot;m4a1; ak47; deagle; primammo; secammo&quot;\nbind &quot;kp_plus&quot; &quot;mp5; primammo; deagle; secammo&quot;\nbind &quot;kp_del&quot; &quot;vesthelm; defuse&quot;\nbind &quot;kp_minus&quot; &quot;flash; hegren; sgren; defuser&quot;\necho\necho SCRIPTS LOADED\necho<\/code><\/pre><\/div>\n\n\n\n<p><strong>Touche du pav\u00e9 num\u00e9rique Entrer<\/strong><br>-une M4A1 ou une AK47 selon l&#8217;\u00e9quipe + munitions<br>-un deagle + munitions<br><br><strong>Touche du pav\u00e9 num\u00e9rique +<\/strong><br>-Un MP5 + munitions<br>-un deagle + munitions<br><br><strong>Touche du pav\u00e9 num\u00e9rique Suppr<\/strong><br>-un kevlar+casque<br>-un defuse kit si vous etes en CT<br><br><strong>Touche du pav\u00e9 num\u00e9rique &#8211;<\/strong><br>-une HE, une SMOKE, une FLASH<br>-un defuse kit si vous etes en CT<\/p>\n\n\n\n<p>Pour activer ces binds en jeu, il faut ouvrir la console et taper:<\/p>\n\n\n\n<div class=\"hcb_wrap\"><pre class=\"prism line-numbers lang-plain\"><code>exec bind.cfg<\/code><\/pre><\/div>\n\n\n\n<p><strong>Liste des noms de touches pour les binds<\/strong><br><br><strong>Les Lettres<\/strong>: (A) to (Z)<br><strong>Les Num\u00e9ros<\/strong>: (0) to (9)<br><strong>Les Boutons de souris<\/strong>: (mouse1) (mouse2) (mouse3) (mouse4) (mouse5) (mwheelup) (mwheeldown)<br><strong>Les touches sp\u00e9ciales<\/strong>: (enter) (space) (shift) (ctrl) (alt) (backspace) (tab) (escape) (pause)<br><strong>Les touches fonctions<\/strong>: (F1) (F2) (F3) (F4) (F5) (F6) (F7) (F8) (F9) (F10) (F11) (F12)<br><strong>Les touches de defilements<\/strong>: (ins) (del) (home) (end) (pgdn) (pgup)<br><strong>Les fl\u00e8ches<\/strong>: (leftarrow) (rightarrow) (uparrow) (downarrow)<br><strong>Les touches du pav\u00e9 numerique<\/strong>: (kp_ins) (kp_del) (kp_end) (kp_downarrow) (kp_pgdn) (kp_leftarrow) (kp_5) (kp_rightarrow) (kp_home) (kp_uparrow) (kp_pgup) (kp_slash) (*) (kp_minus) (kp_plus) (kp_enter)<br><strong>Autres touches<\/strong>: ( , ) ( . ) ( \/ ) ( ; ) ( \u2019 ) ( [ ) ( ] ) ( &#8211; ) ( = ) ( ~ )<br><br><br><strong>Pistols<\/strong>: glock18\/usp\/deagle\/p228\/elite<br><strong>Submachineguns<\/strong>: mp5navy\/p90\/tmp\/mac10<br><strong>Assault Rifles<\/strong>: ak47\/sg552\/m4a1\/aug<br><strong>Shotguns<\/strong>: m3\/xm1014<br><strong>Sniper Rifles<\/strong>: scout\/awp\/g3sg1<br><strong>Machinegun<\/strong>: m249<br><strong>Other <\/strong>: c4\/knife<br><strong>Grenades<\/strong>: flashbang\/hegrenade\/smokegrenade<br><br><br>Un guide pour perfectionner vos binds:<\/p>\n\n\n\n<p><a href=\"https:\/\/mega.nz\/file\/1wkxBYTJ#zJ6FeTBVO5Ok8Fbv5cGnEGgk-1NyLrGPq50kWaRao7k\" target=\"_blank\" rel=\"noreferrer noopener\">https:\/\/mega.nz\/file\/1wkxBYTJ#zJ6FeTBVO5Ok8Fbv5cGnEGgk-1NyLrGPq50kWaRao7k<\/a><\/p>\n","protected":false},"excerpt":{"rendered":"<p>Binds Les binds qu&#8217;est ce que c&#8217;est ?C&#8217;est un fichier de cfg qui permet de scripter l&#8217;achat d&#8217;arme. Ainsi on peut faire ses courses tr\u00e8s rapidement en appuyant sur un seul bouton. Mise en place de binds pour les achats Voici un fichier \u00e0 coller \u00e0 la racine de de \u2026 <a class=\"continue-reading-link\" href=\"http:\/\/shabazz.fr\/?page_id=1398\"> Continue reading <span class=\"meta-nav\">&rarr; <\/span><\/a><\/p>\n","protected":false},"author":1,"featured_media":0,"parent":0,"menu_order":0,"comment_status":"closed","ping_status":"closed","template":"","meta":{"footnotes":""},"class_list":["post-1398","page","type-page","status-publish","hentry"],"_links":{"self":[{"href":"http:\/\/shabazz.fr\/index.php?rest_route=\/wp\/v2\/pages\/1398","targetHints":{"allow":["GET"]}}],"collection":[{"href":"http:\/\/shabazz.fr\/index.php?rest_route=\/wp\/v2\/pages"}],"about":[{"href":"http:\/\/shabazz.fr\/index.php?rest_route=\/wp\/v2\/types\/page"}],"author":[{"embeddable":true,"href":"http:\/\/shabazz.fr\/index.php?rest_route=\/wp\/v2\/users\/1"}],"replies":[{"embeddable":true,"href":"http:\/\/shabazz.fr\/index.php?rest_route=%2Fwp%2Fv2%2Fcomments&post=1398"}],"version-history":[{"count":20,"href":"http:\/\/shabazz.fr\/index.php?rest_route=\/wp\/v2\/pages\/1398\/revisions"}],"predecessor-version":[{"id":1423,"href":"http:\/\/shabazz.fr\/index.php?rest_route=\/wp\/v2\/pages\/1398\/revisions\/1423"}],"wp:attachment":[{"href":"http:\/\/shabazz.fr\/index.php?rest_route=%2Fwp%2Fv2%2Fmedia&parent=1398"}],"curies":[{"name":"wp","href":"https:\/\/api.w.org\/{rel}","templated":true}]}}