{"id":1434,"date":"2025-07-31T14:23:51","date_gmt":"2025-07-31T12:23:51","guid":{"rendered":"http:\/\/shabazz.fr\/?page_id=1434"},"modified":"2025-07-31T14:23:51","modified_gmt":"2025-07-31T12:23:51","slug":"changer-et-personaliser-les-skins","status":"publish","type":"page","link":"http:\/\/shabazz.fr\/?page_id=1434","title":{"rendered":"Changer et personaliser les skins"},"content":{"rendered":"\n<p>Il est possible de changer les skins de quasiment tous les \u00e9l\u00e9ments du jeu (perso, armes, equipement etc)<\/p>\n\n\n\n<p><strong>Changement skins Players<\/strong>:<br><br>T\u00e9l\u00e9charger des skins depuis un site de ressources CS 1.6.<br>D\u00e9compresser l&#8217;archive qui contient g\u00e9n\u00e9ralement un .mdl et un .tga.<br>Le .mdl correspondant au skin du persos<br>Le.tga correspond \u00e0 l&#8217;aper\u00e7u dans le menu de selection.<br><br>Il suffit de remplacer ces fichiers dans le repertoire d&#8217;installation du jeu<br><br>\/cstrike\/models\/player pour le .mdl<\/p>\n\n\n\n<figure class=\"wp-block-image size-large\"><img decoding=\"async\" src=\"https:\/\/i.ibb.co\/yknw8p5\/01.png\" alt=\"\"\/><\/figure>\n\n\n\n<p>\/cstrike\/gfx\/vgui pour le .tga<\/p>\n\n\n\n<figure class=\"wp-block-image size-large\"><img decoding=\"async\" src=\"https:\/\/i.ibb.co\/M6V0KpR\/02.png\" alt=\"\"\/><\/figure>\n\n\n\n<p>Si l&#8217;archive t\u00e9l\u00e9charg\u00e9e ne contient pas de .tga, il est possible d&#8217;en fabriquer un.<\/p>\n\n\n\n<p>Pour ce faire, aller dans le jeu et connect\u00e9 deux postes au serveur.<br>Choisir le perso pour lequel on veut cr\u00e9er un .tga.<br>Avec le second poste aller a la rencontre du perso et faire une capture d&#8217;\u00e9cran avec F5 pour avoir une image de sa t\u00eate.<br>La copie d&#8217;\u00e9cran se met a la racine du r\u00e9pertoire \/cstrike au format .bmp<\/p>\n\n\n\n<p>Ouvrir ce .bmp avec photoshop et faire un detourage\/recadrage.<br>Enregistrer ceci en .bmp<\/p>\n\n\n\n<p>Ouvrir le .bmp avec <a href=\"https:\/\/mega.nz\/file\/M5d10YhK#arvSWRTTXs3yfcJ5MKyxB2RO6ccdVsD_anGxDsQsjGo\">TargaTool<\/a><\/p>\n\n\n\n<p>Faire un export du fichiers sans les donn\u00e9es Alpha<br>Export &gt; BMP (no alpha)<\/p>\n\n\n\n<figure class=\"wp-block-image size-large\"><img decoding=\"async\" src=\"https:\/\/i.ibb.co\/1L079Cg\/04.png\" alt=\"\"\/><\/figure>\n\n\n\n<p>Ouvrir ce bmp no alpha avec Photoshop.<br>Puis enregistrer le fichier au format .tga<\/p>\n\n\n\n<p>Voil\u00e0 vous avez un fichier.tga exploitable.<\/p>\n\n\n\n<p><strong>Changer le label des Menus<\/strong>:<br><br>Pour changer le nom qui apparait dans le menu de selection des persos, il faut editer le fichier:<br>\/cstrike\/resource\/UI\/Classmenu_TER.res<br>et<br>\/cstrike\/resource\/UI\/Classmenu_CT.res<\/p>\n\n\n\n<figure class=\"wp-block-image size-large\"><img decoding=\"async\" src=\"https:\/\/i.ibb.co\/tcxRSXz\/07.png\" alt=\"\"\/><\/figure>\n\n\n\n<p><strong>Changement skins Weapons<\/strong>:<br><br>De la m\u00eame mani\u00e8re que pour le skin Player, il suffit de remplacer les fichiers dans le r\u00e9pertoire d&#8217;installation du jeu.<br>Le chemin pour les armes est:<br><br>\/cstrike\/models<\/p>\n\n\n\n<figure class=\"wp-block-image size-large\"><img decoding=\"async\" src=\"https:\/\/i.ibb.co\/ftjBMYD\/05.png\" alt=\"\"\/><\/figure>\n\n\n\n<p>-Pack Custom CS 1.6 Breizh Lan:<\/p>\n\n\n\n<p>Voici un pack tout pr\u00eat. il suffit de remplacer les fichiers dans le r\u00e9pertoire d&#8217;installation.<\/p>\n\n\n\n<p><a href=\"https:\/\/mega.nz\/file\/c1txTKQZ#toFO6H7Rl3nngIqF99JXL39XgHwoW4x4qvAy0BpmJPo\">https:\/\/mega.nz\/file\/c1txTKQZ#toFO6H7Rl3nngIqF99JXL39XgHwoW4x4qvAy0BpmJPo<\/a><\/p>\n\n\n\n<p><\/p>\n","protected":false},"excerpt":{"rendered":"<p>Il est possible de changer les skins de quasiment tous les \u00e9l\u00e9ments du jeu (perso, armes, equipement etc) Changement skins Players: T\u00e9l\u00e9charger des skins depuis un site de ressources CS 1.6.D\u00e9compresser l&#8217;archive qui contient g\u00e9n\u00e9ralement un .mdl et un .tga.Le .mdl correspondant au skin du persosLe.tga correspond \u00e0 l&#8217;aper\u00e7u dans \u2026 <a class=\"continue-reading-link\" href=\"http:\/\/shabazz.fr\/?page_id=1434\"> Continue reading <span class=\"meta-nav\">&rarr; <\/span><\/a><\/p>\n","protected":false},"author":1,"featured_media":0,"parent":0,"menu_order":0,"comment_status":"closed","ping_status":"closed","template":"","meta":{"footnotes":""},"class_list":["post-1434","page","type-page","status-publish","hentry"],"_links":{"self":[{"href":"http:\/\/shabazz.fr\/index.php?rest_route=\/wp\/v2\/pages\/1434","targetHints":{"allow":["GET"]}}],"collection":[{"href":"http:\/\/shabazz.fr\/index.php?rest_route=\/wp\/v2\/pages"}],"about":[{"href":"http:\/\/shabazz.fr\/index.php?rest_route=\/wp\/v2\/types\/page"}],"author":[{"embeddable":true,"href":"http:\/\/shabazz.fr\/index.php?rest_route=\/wp\/v2\/users\/1"}],"replies":[{"embeddable":true,"href":"http:\/\/shabazz.fr\/index.php?rest_route=%2Fwp%2Fv2%2Fcomments&post=1434"}],"version-history":[{"count":1,"href":"http:\/\/shabazz.fr\/index.php?rest_route=\/wp\/v2\/pages\/1434\/revisions"}],"predecessor-version":[{"id":1435,"href":"http:\/\/shabazz.fr\/index.php?rest_route=\/wp\/v2\/pages\/1434\/revisions\/1435"}],"wp:attachment":[{"href":"http:\/\/shabazz.fr\/index.php?rest_route=%2Fwp%2Fv2%2Fmedia&parent=1434"}],"curies":[{"name":"wp","href":"https:\/\/api.w.org\/{rel}","templated":true}]}}