{"id":1440,"date":"2025-07-31T14:30:54","date_gmt":"2025-07-31T12:30:54","guid":{"rendered":"http:\/\/shabazz.fr\/?page_id=1440"},"modified":"2025-08-01T17:32:18","modified_gmt":"2025-08-01T15:32:18","slug":"personalisation-du-serveur-lan-cs1-6-avec-metamod-et-amxmodx","status":"publish","type":"page","link":"http:\/\/shabazz.fr\/?page_id=1440","title":{"rendered":"Personnalisation du serveur LAN CS1.6 avec  AmxModX"},"content":{"rendered":"\n<p><\/p>\n\n\n\n<p>Ce guide a pour but de d\u00e9crire la m\u00e9thode d&#8217;installation from scratch mais un package tout pr\u00eat est disponible a la fin du guide.<\/p>\n\n\n\n<p><strong>Installation d&#8217;AmxModX<\/strong><br><\/p>\n\n\n\n<p>Une fois que vous avez effectuer l&#8217;<a href=\"http:\/\/shabazz.fr\/?page_id=1446\" target=\"_blank\" rel=\"noreferrer noopener\">installation du serveur<\/a>, nous allons proc\u00e9der \u00e0 l&#8217;installation d&#8217;un package appel\u00e9 AmxmodX. Il comprend un outil appel\u00e9 metamod et de l&#8217;addon amxmod<br>M\u00eame si la version warzone embarque d\u00e9j\u00e0 une version d&#8217;amx on va r\u00e9installer la notre.<br><\/p>\n\n\n\n<p>Ces outils vont permettre une administration du serveur plus simple, plus efficace ainsi que l&#8217;installation de plugins suppl\u00e9mentaires.<\/p>\n\n\n\n<p><a href=\"https:\/\/mega.nz\/file\/VkkxwCRS#KssEK4JlKL98UpEY5yh6QtibfNRRcM0Suf_zHalQZRc\" target=\"_blank\" rel=\"noreferrer noopener\">Amxmodx<\/a><\/p>\n\n\n\n<figure class=\"wp-block-image size-full\"><img loading=\"lazy\" decoding=\"async\" width=\"533\" height=\"380\" src=\"http:\/\/shabazz.fr\/wp-content\/uploads\/2025\/07\/Installer-Types.jpg\" alt=\"\" class=\"wp-image-1441\" srcset=\"http:\/\/shabazz.fr\/wp-content\/uploads\/2025\/07\/Installer-Types.jpg 533w, http:\/\/shabazz.fr\/wp-content\/uploads\/2025\/07\/Installer-Types-300x214.jpg 300w, http:\/\/shabazz.fr\/wp-content\/uploads\/2025\/07\/Installer-Types-210x150.jpg 210w, http:\/\/shabazz.fr\/wp-content\/uploads\/2025\/07\/Installer-Types-150x107.jpg 150w\" sizes=\"auto, (max-width: 533px) 100vw, 533px\" \/><\/figure>\n\n\n\n<p>Et s\u00e9lectionner le mode counterstrike<\/p>\n\n\n\n<figure class=\"wp-block-image size-full\"><img loading=\"lazy\" decoding=\"async\" width=\"267\" height=\"442\" src=\"http:\/\/shabazz.fr\/wp-content\/uploads\/2025\/07\/Capture.png\" alt=\"\" class=\"wp-image-1442\" srcset=\"http:\/\/shabazz.fr\/wp-content\/uploads\/2025\/07\/Capture.png 267w, http:\/\/shabazz.fr\/wp-content\/uploads\/2025\/07\/Capture-181x300.png 181w, http:\/\/shabazz.fr\/wp-content\/uploads\/2025\/07\/Capture-91x150.png 91w\" sizes=\"auto, (max-width: 267px) 100vw, 267px\" \/><\/figure>\n\n\n\n<p>Il y aura un message qui vous dit qu&#8217;il y a deja une version d&#8217;amx, c&#8217;est normal, faire suivant.<\/p>\n\n\n\n<p>Votre serveur Amx est pr\u00eat !<\/p>\n\n\n\n<p>Nous allons v\u00e9rifier cela. Pour ce faire, il faut lancer le serveur a l&#8217;aide de l\u2019ex\u00e9cutable hlds.exe et cliquer sur start server<\/p>\n\n\n\n<figure class=\"wp-block-image size-full\"><img loading=\"lazy\" decoding=\"async\" width=\"503\" height=\"444\" src=\"http:\/\/shabazz.fr\/wp-content\/uploads\/2025\/07\/01.png\" alt=\"\" class=\"wp-image-1462\" srcset=\"http:\/\/shabazz.fr\/wp-content\/uploads\/2025\/07\/01.png 503w, http:\/\/shabazz.fr\/wp-content\/uploads\/2025\/07\/01-300x265.png 300w, http:\/\/shabazz.fr\/wp-content\/uploads\/2025\/07\/01-170x150.png 170w, http:\/\/shabazz.fr\/wp-content\/uploads\/2025\/07\/01-150x132.png 150w\" sizes=\"auto, (max-width: 503px) 100vw, 503px\" \/><\/figure>\n\n\n\n<p>Aller dans l&#8217;onglet console, et taper le code suivant:<\/p>\n\n\n\n<div class=\"hcb_wrap\"><pre class=\"prism line-numbers lang-plain\"><code>meta list<\/code><\/pre><\/div>\n\n\n\n<figure class=\"wp-block-image size-full\"><img loading=\"lazy\" decoding=\"async\" width=\"563\" height=\"413\" src=\"http:\/\/shabazz.fr\/wp-content\/uploads\/2025\/07\/03.png\" alt=\"\" class=\"wp-image-1464\" srcset=\"http:\/\/shabazz.fr\/wp-content\/uploads\/2025\/07\/03.png 563w, http:\/\/shabazz.fr\/wp-content\/uploads\/2025\/07\/03-300x220.png 300w, http:\/\/shabazz.fr\/wp-content\/uploads\/2025\/07\/03-204x150.png 204w, http:\/\/shabazz.fr\/wp-content\/uploads\/2025\/07\/03-150x110.png 150w\" sizes=\"auto, (max-width: 563px) 100vw, 563px\" \/><\/figure>\n\n\n\n<p>Le plugin AMXmod devrait apparaitre. <\/p>\n\n\n\n<p><\/p>\n\n\n\n<p>Si tel n&#8217;est pas le cas, il faudra peut etre editer le fichier plugins.ini qui se trouve dans cstrike\\addons\\metamod comme suit:<\/p>\n\n\n\n<figure class=\"wp-block-image size-full\"><img loading=\"lazy\" decoding=\"async\" width=\"721\" height=\"340\" src=\"http:\/\/shabazz.fr\/wp-content\/uploads\/2025\/07\/04.png\" alt=\"\" class=\"wp-image-1465\" srcset=\"http:\/\/shabazz.fr\/wp-content\/uploads\/2025\/07\/04.png 721w, http:\/\/shabazz.fr\/wp-content\/uploads\/2025\/07\/04-300x141.png 300w, http:\/\/shabazz.fr\/wp-content\/uploads\/2025\/07\/04-250x118.png 250w, http:\/\/shabazz.fr\/wp-content\/uploads\/2025\/07\/04-150x71.png 150w\" sizes=\"auto, (max-width: 721px) 100vw, 721px\" \/><\/figure>\n\n\n\n<p><br><br>On peut d\u00e9sormais voir la version d&#8217;amxx que l&#8217;on utilise avec la commande<\/p>\n\n\n\n<div class=\"hcb_wrap\"><pre class=\"prism line-numbers lang-plain\"><code>amxx version<\/code><\/pre><\/div>\n\n\n\n<figure class=\"wp-block-image size-full\"><img loading=\"lazy\" decoding=\"async\" width=\"431\" height=\"182\" src=\"http:\/\/shabazz.fr\/wp-content\/uploads\/2025\/07\/amxx-version.jpg\" alt=\"\" class=\"wp-image-1443\" srcset=\"http:\/\/shabazz.fr\/wp-content\/uploads\/2025\/07\/amxx-version.jpg 431w, http:\/\/shabazz.fr\/wp-content\/uploads\/2025\/07\/amxx-version-300x127.jpg 300w, http:\/\/shabazz.fr\/wp-content\/uploads\/2025\/07\/amxx-version-250x106.jpg 250w, http:\/\/shabazz.fr\/wp-content\/uploads\/2025\/07\/amxx-version-150x63.jpg 150w\" sizes=\"auto, (max-width: 431px) 100vw, 431px\" \/><\/figure>\n\n\n\n<p>Les sources d&#8217;installation sont disponibles sur le site suivant:<\/p>\n\n\n\n<p><a href=\"https:\/\/www.amxmodx.org\/downloads.php\" target=\"_blank\" rel=\"noreferrer noopener\">https:\/\/www.amxmodx.org\/downloads.php<\/a><\/p>\n\n\n\n<p>Pour voir les plugins install\u00e9s, dans la console:<\/p>\n\n\n\n<div class=\"hcb_wrap\"><pre class=\"prism line-numbers lang-plain\"><code>amxx plugins<\/code><\/pre><\/div>\n\n\n\n<p><\/p>\n\n\n\n<p><strong>Usage: <\/strong><\/p>\n\n\n\n<div class=\"hcb_wrap\"><pre class=\"prism line-numbers lang-plain\"><code>amxx &lt; command &gt; [ argument ]<\/code><\/pre><\/div>\n\n\n\n<p><br><strong>Commands:<\/strong><\/p>\n\n\n\n<ul class=\"wp-block-list\">\n<li>version &#8211; display amxx version info<\/li>\n\n\n\n<li>gpl &#8211; print the license<\/li>\n\n\n\n<li>plugins &#8211; list plugins currently loaded<\/li>\n\n\n\n<li>modules &#8211; list modules currently loaded<\/li>\n\n\n\n<li>cvars [ plugin ] &#8211; list cvars registered by plugins<\/li>\n\n\n\n<li>cmds [ plugin ] &#8211; list commands registered by plugins<\/li>\n\n\n\n<li>pause &lt; plugin &gt; &#8211; pause a running plugin<\/li>\n\n\n\n<li>unpause &lt; plugin &gt; &#8211; unpause a previously paused plugin<\/li>\n<\/ul>\n\n\n\n<p><\/p>\n\n\n\n<p>On peut maintenant passer \u00e0 l&#8217;ajout de plugin comme par exemple le c\u00e9l\u00e8bre plugin Gungame !<\/p>\n\n\n\n<p><a href=\"http:\/\/shabazz.fr\/?page_id=1387\">Ajout de Plugins AMX<\/a><\/p>\n","protected":false},"excerpt":{"rendered":"<p>Ce guide a pour but de d\u00e9crire la m\u00e9thode d&#8217;installation from scratch mais un package tout pr\u00eat est disponible a la fin du guide. Installation d&#8217;AmxModX Une fois que vous avez effectuer l&#8217;installation du serveur, nous allons proc\u00e9der \u00e0 l&#8217;installation d&#8217;un package appel\u00e9 AmxmodX. Il comprend un outil appel\u00e9 metamod \u2026 <a class=\"continue-reading-link\" href=\"http:\/\/shabazz.fr\/?page_id=1440\"> Continue reading <span class=\"meta-nav\">&rarr; <\/span><\/a><\/p>\n","protected":false},"author":1,"featured_media":0,"parent":0,"menu_order":0,"comment_status":"closed","ping_status":"closed","template":"","meta":{"footnotes":""},"class_list":["post-1440","page","type-page","status-publish","hentry"],"_links":{"self":[{"href":"http:\/\/shabazz.fr\/index.php?rest_route=\/wp\/v2\/pages\/1440","targetHints":{"allow":["GET"]}}],"collection":[{"href":"http:\/\/shabazz.fr\/index.php?rest_route=\/wp\/v2\/pages"}],"about":[{"href":"http:\/\/shabazz.fr\/index.php?rest_route=\/wp\/v2\/types\/page"}],"author":[{"embeddable":true,"href":"http:\/\/shabazz.fr\/index.php?rest_route=\/wp\/v2\/users\/1"}],"replies":[{"embeddable":true,"href":"http:\/\/shabazz.fr\/index.php?rest_route=%2Fwp%2Fv2%2Fcomments&post=1440"}],"version-history":[{"count":8,"href":"http:\/\/shabazz.fr\/index.php?rest_route=\/wp\/v2\/pages\/1440\/revisions"}],"predecessor-version":[{"id":1488,"href":"http:\/\/shabazz.fr\/index.php?rest_route=\/wp\/v2\/pages\/1440\/revisions\/1488"}],"wp:attachment":[{"href":"http:\/\/shabazz.fr\/index.php?rest_route=%2Fwp%2Fv2%2Fmedia&parent=1440"}],"curies":[{"name":"wp","href":"https:\/\/api.w.org\/{rel}","templated":true}]}}