{"id":1446,"date":"2025-07-31T14:55:56","date_gmt":"2025-07-31T12:55:56","guid":{"rendered":"http:\/\/shabazz.fr\/?page_id=1446"},"modified":"2025-08-01T10:05:55","modified_gmt":"2025-08-01T08:05:55","slug":"installation-et-administration-du-serveur-lan-cs1-6","status":"publish","type":"page","link":"http:\/\/shabazz.fr\/?page_id=1446","title":{"rendered":"Installation et administration du serveur LAN CS1.6"},"content":{"rendered":"\n<p><strong>Counterstrike 1.6<\/strong><\/p>\n\n\n\n<figure class=\"wp-block-image size-full\"><img loading=\"lazy\" decoding=\"async\" width=\"400\" height=\"200\" src=\"http:\/\/shabazz.fr\/wp-content\/uploads\/2025\/07\/counter-strike-1-6.jpg\" alt=\"\" class=\"wp-image-1447\" srcset=\"http:\/\/shabazz.fr\/wp-content\/uploads\/2025\/07\/counter-strike-1-6.jpg 400w, http:\/\/shabazz.fr\/wp-content\/uploads\/2025\/07\/counter-strike-1-6-300x150.jpg 300w, http:\/\/shabazz.fr\/wp-content\/uploads\/2025\/07\/counter-strike-1-6-250x125.jpg 250w, http:\/\/shabazz.fr\/wp-content\/uploads\/2025\/07\/counter-strike-1-6-150x75.jpg 150w\" sizes=\"auto, (max-width: 400px) 100vw, 400px\" \/><\/figure>\n\n\n\n<p>En prerequis sur le poste, on appr\u00e9ciera avoir a minima <a href=\"https:\/\/mega.nz\/file\/t8lSEYQD#vxdN_p8AHcaN5pz6kbsCnb8jdJb9R3ZLYSn3OfvN8to\" target=\"_blank\" rel=\"noreferrer noopener\">7zip<\/a> et <a href=\"https:\/\/mega.nz\/file\/to91maLb#NPOspD-tEACE7t5u9rBdjEfqhDDIaEQfNMjlL3dzxQc\" target=\"_blank\" rel=\"noreferrer noopener\">notepad++<\/a> pour la suite.<\/p>\n\n\n\n<p><\/p>\n\n\n\n<p><strong>Package d&#8217;installation<\/strong><\/p>\n\n\n\n<p><\/p>\n\n\n\n<p>Pour cette installation nous allons utiliser le package CS1.6 de la team <a href=\"https:\/\/www.cswarzone.com\/\" target=\"_blank\" rel=\"noreferrer noopener\">cswarzone<\/a>.<\/p>\n\n\n\n<p><a href=\"https:\/\/mega.nz\/file\/l58GBCZa#yELaFLLOaBGWS2QsKOPbkgCPahu3YoVYHi6MRwWwoso\">https:\/\/mega.nz\/file\/l58GBCZa#yELaFLLOaBGWS2QsKOPbkgCPahu3YoVYHi6MRwWwoso<\/a><\/p>\n\n\n\n<p>Installer le package et Lancer un serveur local comme suit:<br><br>Dans le r\u00e9pertoire d&#8217;installation, lancer HLDS<\/p>\n\n\n\n<figure class=\"wp-block-image size-full\"><img loading=\"lazy\" decoding=\"async\" width=\"43\" height=\"51\" src=\"http:\/\/shabazz.fr\/wp-content\/uploads\/2025\/07\/Capture-1.png\" alt=\"\" class=\"wp-image-1448\"\/><\/figure>\n\n\n\n<p>Configurer votre serveur<\/p>\n\n\n\n<figure class=\"wp-block-image size-full\"><img loading=\"lazy\" decoding=\"async\" width=\"305\" height=\"354\" src=\"http:\/\/shabazz.fr\/wp-content\/uploads\/2025\/07\/uploads-siteduzero-com-files-11001-12000-11325.png\" alt=\"\" class=\"wp-image-1449\" srcset=\"http:\/\/shabazz.fr\/wp-content\/uploads\/2025\/07\/uploads-siteduzero-com-files-11001-12000-11325.png 305w, http:\/\/shabazz.fr\/wp-content\/uploads\/2025\/07\/uploads-siteduzero-com-files-11001-12000-11325-258x300.png 258w, http:\/\/shabazz.fr\/wp-content\/uploads\/2025\/07\/uploads-siteduzero-com-files-11001-12000-11325-129x150.png 129w\" sizes=\"auto, (max-width: 305px) 100vw, 305px\" \/><\/figure>\n\n\n\n<figure class=\"wp-block-image size-full\"><img loading=\"lazy\" decoding=\"async\" width=\"449\" height=\"276\" src=\"http:\/\/shabazz.fr\/wp-content\/uploads\/2025\/07\/uploads-siteduzero-com-files-11001-12000-11332.png\" alt=\"\" class=\"wp-image-1450\" srcset=\"http:\/\/shabazz.fr\/wp-content\/uploads\/2025\/07\/uploads-siteduzero-com-files-11001-12000-11332.png 449w, http:\/\/shabazz.fr\/wp-content\/uploads\/2025\/07\/uploads-siteduzero-com-files-11001-12000-11332-300x184.png 300w, http:\/\/shabazz.fr\/wp-content\/uploads\/2025\/07\/uploads-siteduzero-com-files-11001-12000-11332-244x150.png 244w, http:\/\/shabazz.fr\/wp-content\/uploads\/2025\/07\/uploads-siteduzero-com-files-11001-12000-11332-150x92.png 150w\" sizes=\"auto, (max-width: 449px) 100vw, 449px\" \/><\/figure>\n\n\n\n<p><strong>Time limit<\/strong>: Indique la limite de temps avant que le serveur ne passe \u00e0 la map suivante.<br><strong>Win limit<\/strong>: D\u00e9fini le nombre de rounds gagnants avant le passage \u00e0 la map suivante.<br><strong>Round limit<\/strong>: D\u00e9fini le nombre de rounds jou\u00e9s avant le passage \u00e0 la map suivante, peu importe par qui ils sont gagn\u00e9s. Veillez \u00e0 mettre une valeur impaire pour \u00e9viter de finir sur un match nul.<br><br><strong>Time per round<\/strong>: D\u00e9fini la dur\u00e9e maximum d&#8217;un round. Si personne n&#8217;a gagn\u00e9 une fois la dur\u00e9e atteinte, on passe au round suivant.<br><strong>Freeze time<\/strong>: D\u00e9fini la dur\u00e9e pendant laquelle les joueurs sont bloqu\u00e9s sur place, avant que le round ne commence.<br><strong>Buy Time<\/strong>: D\u00e9fini le temps pendant lequel les joueurs peuvent acheter des choses dans leur zone d&#8217;achat.<br><strong>Starting money<\/strong>: D\u00e9fini la somme avec laquelle d\u00e9marre chaque joueur au d\u00e9but de la map. Libre \u00e0 vous de l&#8217;augmenter ou de la diminuer&#8230;<br><strong>Footsteps<\/strong>: D\u00e9fini l&#8217;activation ou non des bruits de pas. Si vous le r\u00e9glez sur Disabled, les joueurs ne feront plus de bruit en marchant.<br><strong>Death Camera Type<\/strong>: D\u00e9fini ce que pourra voir un joueur mort. Spectate anyone n&#8217;impose aucune restriction, Spectate team only l&#8217;emp\u00eache d&#8217;observer l&#8217;autre \u00e9quipe, et first person only le limite \u00e0 une seule cam\u00e9ra.<br><strong>Disable chase \/ death cam<\/strong>: vous permet carr\u00e9ment de d\u00e9sactiver l&#8217;option permettant d&#8217;observer la partie quand le joueur est mort : il se retrouve alors juste devant un \u00e9cran noir. Il est franchement d\u00e9conseill\u00e9 de<br><strong>Friendly fire<\/strong>: Si l&#8217;option est d\u00e9sactiv\u00e9e, les membres de la m\u00eame \u00e9quipe ne peuvent pas se tuer en se tirant dessus.<br><strong>Kill team killer<\/strong>: Tuera automatiquement au round suivant les joueurs ayant tu\u00e9 quelqu&#8217;un de leur \u00e9quipe, m\u00eame si c&#8217;\u00e9tait involontaire.<br><strong>Kick idle and team killing<\/strong>: Kickera hors du serveur les joueurs inactifs depuis un certain temps, et ceux qui ont tu\u00e9 trois membres de leur \u00e9quipe ou plus.<br><strong>Kick hostage killers<\/strong>: Kickera automatiquement les joueurs qui tuent un nombre d\u00e9fini d&#8217;otages. Si vous voulez d\u00e9sactiver cette option, mettez la valeur 0.<br><strong>Allow flashlight<\/strong>: Autorise ou non l&#8217;utilisation de la lampe torche.<br><br>Puis cliquer sur Lancer.<\/p>\n\n\n\n<p>On peut maintenant passer a la <a href=\"http:\/\/shabazz.fr\/?page_id=1440\">personnalisation du serveur<\/a><\/p>\n\n\n\n<p><\/p>\n\n\n\n<p><\/p>\n\n\n\n<p>Source: <a href=\"https:\/\/pub.phyks.me\/sdz\/sdz\/creer-un-serveur-dedie-pour-counter-strike-1-6.html#AvecHLDS\">https:\/\/pub.phyks.me\/sdz\/sdz\/creer-un-s &#8230; l#AvecHLDS<\/a><\/p>\n\n\n\n<p><\/p>\n","protected":false},"excerpt":{"rendered":"<p>Counterstrike 1.6 En prerequis sur le poste, on appr\u00e9ciera avoir a minima 7zip et notepad++ pour la suite. Package d&#8217;installation Pour cette installation nous allons utiliser le package CS1.6 de la team cswarzone. https:\/\/mega.nz\/file\/l58GBCZa#yELaFLLOaBGWS2QsKOPbkgCPahu3YoVYHi6MRwWwoso Installer le package et Lancer un serveur local comme suit: Dans le r\u00e9pertoire d&#8217;installation, lancer HLDS \u2026 <a class=\"continue-reading-link\" href=\"http:\/\/shabazz.fr\/?page_id=1446\"> Continue reading <span class=\"meta-nav\">&rarr; <\/span><\/a><\/p>\n","protected":false},"author":1,"featured_media":0,"parent":0,"menu_order":0,"comment_status":"closed","ping_status":"closed","template":"","meta":{"footnotes":""},"class_list":["post-1446","page","type-page","status-publish","hentry"],"_links":{"self":[{"href":"http:\/\/shabazz.fr\/index.php?rest_route=\/wp\/v2\/pages\/1446","targetHints":{"allow":["GET"]}}],"collection":[{"href":"http:\/\/shabazz.fr\/index.php?rest_route=\/wp\/v2\/pages"}],"about":[{"href":"http:\/\/shabazz.fr\/index.php?rest_route=\/wp\/v2\/types\/page"}],"author":[{"embeddable":true,"href":"http:\/\/shabazz.fr\/index.php?rest_route=\/wp\/v2\/users\/1"}],"replies":[{"embeddable":true,"href":"http:\/\/shabazz.fr\/index.php?rest_route=%2Fwp%2Fv2%2Fcomments&post=1446"}],"version-history":[{"count":4,"href":"http:\/\/shabazz.fr\/index.php?rest_route=\/wp\/v2\/pages\/1446\/revisions"}],"predecessor-version":[{"id":1472,"href":"http:\/\/shabazz.fr\/index.php?rest_route=\/wp\/v2\/pages\/1446\/revisions\/1472"}],"wp:attachment":[{"href":"http:\/\/shabazz.fr\/index.php?rest_route=%2Fwp%2Fv2%2Fmedia&parent=1446"}],"curies":[{"name":"wp","href":"https:\/\/api.w.org\/{rel}","templated":true}]}}