{"id":17,"date":"2017-06-04T19:25:10","date_gmt":"2017-06-04T17:25:10","guid":{"rendered":"http:\/\/shabazz.fr\/?page_id=17"},"modified":"2024-12-02T16:20:17","modified_gmt":"2024-12-02T15:20:17","slug":"a-propos-de","status":"publish","type":"page","link":"http:\/\/shabazz.fr\/?page_id=17","title":{"rendered":"Breizh Session"},"content":{"rendered":"<p>Les Breizh Session ont lieu p\u00e9riodiquement dans le Morbihan (56).<br \/>On se retrouve entre passionn\u00e9s d&#8217;arcade et de retro-gaming pour s&#8217;affronter sur les classiques.<\/p>\n<p>Au programme, petits tournois, free-play, scoring et moments de convivialit\u00e9.<\/p>\n<p>Retrouvez les sessions pr\u00e9c\u00e9dentes:<\/p>\n<p>&nbsp;<\/p>\n<p><a href=\"http:\/\/shabazz.fr\/?page_id=1327\">Breizh Session 16<\/a><br \/><a href=\"http:\/\/shabazz.fr\/?page_id=1295\">Breizh Session 15<\/a><br \/><a href=\"http:\/\/shabazz.fr\/?page_id=1212\">Breizh Session 14<\/a><br \/><a href=\"http:\/\/shabazz.fr\/?page_id=1098\">Breizh Session 13<\/a><br \/><a href=\"http:\/\/shabazz.fr\/?page_id=1085\">Breizh Session 12<\/a><br \/><a href=\"http:\/\/shabazz.fr\/?page_id=1043\">Breizh Session 11<\/a><br \/><a href=\"http:\/\/shabazz.fr\/?page_id=910\">Breizh Session 10<\/a><br \/><a href=\"http:\/\/shabazz.fr\/?page_id=881\">Breizh Session 9<\/a><br \/><a href=\"http:\/\/shabazz.fr\/?page_id=195\">Breizh Session 8<\/a><br \/><a href=\"http:\/\/shabazz.fr\/?page_id=181\">Breizh Session 7<\/a><br \/><a href=\"http:\/\/shabazz.fr\/?page_id=171\">Breizh Session 6<\/a><br \/><a href=\"http:\/\/shabazz.fr\/?page_id=78\">Breizh Session 5<\/a><\/p>\n\n\n<figure class=\"wp-block-image size-large\"><img loading=\"lazy\" decoding=\"async\" width=\"768\" height=\"1024\" src=\"http:\/\/shabazz.fr\/wp-content\/uploads\/2020\/07\/BS8_004-768x1024.jpg\" alt=\"\" class=\"wp-image-245\" srcset=\"http:\/\/shabazz.fr\/wp-content\/uploads\/2020\/07\/BS8_004-768x1024.jpg 768w, http:\/\/shabazz.fr\/wp-content\/uploads\/2020\/07\/BS8_004-225x300.jpg 225w, http:\/\/shabazz.fr\/wp-content\/uploads\/2020\/07\/BS8_004-113x150.jpg 113w\" sizes=\"auto, (max-width: 768px) 100vw, 768px\" \/><\/figure>\n","protected":false},"excerpt":{"rendered":"<p>Les Breizh Session ont lieu p\u00e9riodiquement dans le Morbihan (56).On se retrouve entre passionn\u00e9s d&#8217;arcade et de retro-gaming pour s&#8217;affronter sur les classiques. Au programme, petits tournois, free-play, scoring et moments de convivialit\u00e9. Retrouvez les sessions pr\u00e9c\u00e9dentes: &nbsp; Breizh Session 16Breizh Session 15Breizh Session 14Breizh Session 13Breizh Session 12Breizh Session \u2026 <a class=\"continue-reading-link\" href=\"http:\/\/shabazz.fr\/?page_id=17\"> Continue reading <span class=\"meta-nav\">&rarr; <\/span><\/a><\/p>\n","protected":false},"author":1,"featured_media":0,"parent":0,"menu_order":1,"comment_status":"closed","ping_status":"closed","template":"","meta":{"footnotes":""},"class_list":["post-17","page","type-page","status-publish","hentry"],"_links":{"self":[{"href":"http:\/\/shabazz.fr\/index.php?rest_route=\/wp\/v2\/pages\/17","targetHints":{"allow":["GET"]}}],"collection":[{"href":"http:\/\/shabazz.fr\/index.php?rest_route=\/wp\/v2\/pages"}],"about":[{"href":"http:\/\/shabazz.fr\/index.php?rest_route=\/wp\/v2\/types\/page"}],"author":[{"embeddable":true,"href":"http:\/\/shabazz.fr\/index.php?rest_route=\/wp\/v2\/users\/1"}],"replies":[{"embeddable":true,"href":"http:\/\/shabazz.fr\/index.php?rest_route=%2Fwp%2Fv2%2Fcomments&post=17"}],"version-history":[{"count":24,"href":"http:\/\/shabazz.fr\/index.php?rest_route=\/wp\/v2\/pages\/17\/revisions"}],"predecessor-version":[{"id":1335,"href":"http:\/\/shabazz.fr\/index.php?rest_route=\/wp\/v2\/pages\/17\/revisions\/1335"}],"wp:attachment":[{"href":"http:\/\/shabazz.fr\/index.php?rest_route=%2Fwp%2Fv2%2Fmedia&parent=17"}],"curies":[{"name":"wp","href":"https:\/\/api.w.org\/{rel}","templated":true}]}}